{"id":3526,"date":"2023-09-26T19:18:57","date_gmt":"2023-09-26T17:18:57","guid":{"rendered":"https:\/\/www.hetkasteelke.com\/datenschutz-und-cookie-richtlinie\/"},"modified":"2025-02-23T13:36:28","modified_gmt":"2025-02-23T12:36:28","slug":"datenschutz-und-cookie-richtlinie","status":"publish","type":"page","link":"https:\/\/www.hetkasteelke.com\/de\/datenschutz-und-cookie-richtlinie\/","title":{"rendered":"Datenschutz und Cookie-Richtlinie"},"content":{"rendered":"\t\t<div data-elementor-type=\"wp-page\" data-elementor-id=\"3526\" class=\"elementor elementor-3526 elementor-1571\">\n\t\t\t\t<div class=\"elementor-element elementor-element-2a50785 e-con-full e-flex e-con e-parent\" data-id=\"2a50785\" data-element_type=\"container\" data-e-type=\"container\">\n\t\t\t\t<\/div>\n\t\t<div class=\"elementor-element elementor-element-1fb1643e e-con-full e-flex e-con e-parent\" data-id=\"1fb1643e\" data-element_type=\"container\" data-e-type=\"container\">\n\t\t\t\t<div class=\"elementor-element elementor-element-346d86e2 elementor-widget__width-inherit elementor-widget elementor-widget-text-editor\" data-id=\"346d86e2\" data-element_type=\"widget\" data-e-type=\"widget\" data-widget_type=\"text-editor.default\">\n\t\t\t\t<div class=\"elementor-widget-container\">\n\t\t\t\t\t\t\t\t\t<p><\/p>\n<h2>Wer wir sind<\/h2>\n<p><\/p>\n<p>Unsere Website-Adressen lauten: <span style=\"text-align: var(--text-align); background-color: var(--palettecolor8); color: var(--theme-text-color); font-family: var(--fontFamily); font-size: var(--fontSize); font-style: var(--fontStyle, inherit); font-weight: var(--fontWeight); letter-spacing: var(--letterSpacing); text-transform: var(--textTransform);\">https:\/\/www.hetkasteelke.com<\/span> und <span style=\"font-size: inherit; text-align: inherit; background-color: var(--palettecolor8); color: var(--theme-text-color); font-family: var(--fontFamily); font-style: var(--fontStyle, inherit); font-weight: var(--fontWeight); letter-spacing: var(--letterSpacing); text-transform: var(--textTransform);\">https:\/\/www.hetkasteelke.nl.<\/span><\/p>\n<h2>Was w\u00fcrden wir gerne von Ihnen wissen?<\/h2>\n<p>Um Ihre Buchung und Ihren Aufenthalt so reibungslos wie m\u00f6glich zu gestalten, ben\u00f6tigen wir einige Informationen von Ihnen im Voraus.<\/p>\n<ul>\n<li><u>Vor- und Nachname sowie Wohnanschrift:<\/u> Es ist nat\u00fcrlich wichtig f\u00fcr uns zu wissen, wer Sie sind. Wir m\u00fcssen in der Lage sein, Sie zu identifizieren.<\/li>\n<li><u>Telefonnummer:<\/u> Manchmal ist es notwendig, Sie schnell zu erreichen, z.B. wenn unerwartet doch noch ein Zimmer frei geworden ist oder Sie bei Ihrer Abreise einen pers\u00f6nlichen Gegenstand vergessen haben.<\/li>\n<li><u>E-Mail-Adresse:<\/u> Sie erhalten eine E-Mail zur Best\u00e4tigung der Reservierung und wir schicken Ihnen die Rechnung f\u00fcr die Unterkunft. Hinterher wollen wir wissen, wie es Ihnen gefallen hat, damit wir daraus lernen.<\/li>\n<li><u>Angaben zur Bezahlung:<\/u> Um Ihre Reservierung zu garantieren und, je nach Art der Reservierung, eventuell auch zu bezahlen, verwenden wir eine sichere Umgebung. Auf diese Weise sind Ihre Kreditkarte oder andere Zahlungsdaten sicher.<\/li>\n<\/ul>\n<p><\/p>\n<p><\/p>\n<p><\/p>\n<h2>Google-Analysen<\/h2>\n<p>Diese Website benutzt Google Analytics, einen Webanalysedienst der Google Inc. (\u2019\u2019Google\u2019\u2019). Google Analytics verwendet sog. \u2019\u2019Cookies\u2019\u2019 (Textdateien, die auf Ihrem Computer gespeichert werden), die eine Analyse der Benutzung der Website durch Sie erm\u00f6glichen. Die durch den Cookie erzeugten Informationen dar\u00fcber, wie Sie die Website nutzen, werden an einen Server von Google in den USA \u00fcbertragen und dort gespeichert. Google verwendet diese Informationen, um zu verfolgen, wie Sie die Website nutzen, um Berichte \u00fcber die Website-Aktivit\u00e4ten f\u00fcr die Website-Betreiber zu erstellen und um weitere Dienstleistungen im Zusammenhang mit der Website-Aktivit\u00e4t und der Internetnutzung zu erbringen. Auch wird Google diese Informationen gegebenenfalls an Dritte \u00fcbertragen, sofern dies gesetzlich vorgeschrieben ist oder soweit Dritte diese Daten im Auftrag von Google verarbeiten. Google wird Ihre IP-Adresse nicht mit anderen Daten, die sich im Besitz von Google befinden, kombinieren. Sie k\u00f6nnen die Verwendung von Cookies ablehnen, indem Sie die entsprechenden Einstellungen in Ihrem Browser vornehmen. In diesem Fall kann es sein, dass nicht alle M\u00f6glichkeiten dieser Website genutzt werden k\u00f6nnen. Durch die Nutzung dieser Website erkl\u00e4ren Sie sich mit der Bearbeitung der \u00fcber Sie erhobenen Daten durch Google in der zuvor beschriebenen Art und Weise und zu dem zuvor benannten Zweck einverstanden.<\/p>\n<h2>Cookies<\/h2>\n<p><\/p>\n<p>Wir sammeln Daten zu Forschungszwecken, um unsere Kunden besser zu verstehen, damit wir unsere Dienstleistungen entsprechend anpassen k\u00f6nnen. Diese Website verwendet \u2019\u2019Cookies\u2019\u2019. Wir verwenden diese Informationen, um zu verfolgen, wie Sie die Website nutzen, um Berichte \u00fcber die Website-Aktivit\u00e4ten zu erstellen und um weitere Dienstleistungen im Zusammenhang mit der Website-Aktivit\u00e4t und der Internetnutzung anzubieten.<\/p>\n<p><\/p>\n<h2>Eingebettete Inhalte von anderen Websites<\/h2>\n<p><\/p>\n<p>Die Beitr\u00e4ge auf dieser Website k\u00f6nnen eingebettete Inhalte (z. B. Videos, Bilder, Nachrichten usw.) enthalten. Eingebettete Inhalte von anderen Websites verhalten sich genau so, als ob der Besucher diese andere Website besucht h\u00e4tte.<\/p>\n<p><\/p>\n<p>Diese Websites k\u00f6nnen Daten \u00fcber Sie sammeln, <span style=\"text-align: var(--text-align); background-color: var(--palettecolor8); color: var(--theme-text-color); font-family: var(--fontFamily); font-size: var(--fontSize); font-style: var(--fontStyle, inherit); font-weight: var(--fontWeight); letter-spacing: var(--letterSpacing); text-transform: var(--textTransform);\">\u2019\u2019<\/span><span style=\"font-size: inherit; text-align: inherit; background-color: var(--palettecolor8); color: var(--theme-text-color); font-family: var(--fontFamily); font-style: var(--fontStyle, inherit); font-weight: var(--fontWeight); letter-spacing: var(--letterSpacing); text-transform: var(--textTransform);\">Cookies<\/span><span style=\"text-align: var(--text-align); background-color: var(--palettecolor8); color: var(--theme-text-color); font-family: var(--fontFamily); font-size: var(--fontSize); font-style: var(--fontStyle, inherit); font-weight: var(--fontWeight); letter-spacing: var(--letterSpacing); text-transform: var(--textTransform);\">\u2019\u2019<\/span><span style=\"background-color: var(--palettecolor8); color: var(--theme-text-color); font-family: var(--fontFamily); font-size: inherit; font-style: var(--fontStyle, inherit); font-weight: var(--fontWeight); letter-spacing: var(--letterSpacing); text-align: inherit; text-transform: var(--textTransform);\"> verwenden, zus\u00e4tzliche Trackingfunktionen von Dritten einbetten und Ihre Interaktion mit diesen eingebetteten Inhalten \u00fcberwachen, einschlie\u00dflich der Aufzeichnung Ihrer Interaktion mit eingebetteten Inhalten, wenn Sie ein Konto haben und auf dieser Website angemeldet sind.<\/span><\/p>\n<p><\/p>\n<p><\/p>\n<h2>Wie lange wir Ihre Daten aufbewahren<\/h2>\n<p><\/p>\n<p>M\u00f6chten Sie Ihre Daten \u00e4ndern oder aus unserem System entfernen? Kein Problem. Informieren Sie uns per E-Mail. Wir sorgen daf\u00fcr, dass es innerhalb des rechtlichen Rahmens funktioniert. Au\u00dferdem l\u00f6schen wir personenbezogene Daten automatisch 7 Jahre nach ihrer letzten Verwendung.<\/p>\n<p><\/p>\n<p><\/p>\n<p><\/p>\n<h2>Wohin Ihre Daten gesendet werden<\/h2>\n<p><\/p>\n<p>Die Antworten der Besucher k\u00f6nnen durch einen automatischen Spam-Erkennungsdienst \u00fcberwacht werden.<\/p>\n<p><\/p>\t\t\t\t\t\t\t\t<\/div>\n\t\t\t\t<\/div>\n\t\t\t\t<\/div>\n\t\t\t\t<\/div>\n\t\t","protected":false},"excerpt":{"rendered":"<p>Wer wir sind Unsere Website-Adressen lauten: https:\/\/www.hetkasteelke.com und https:\/\/www.hetkasteelke.nl. Was w\u00fcrden wir gerne von Ihnen wissen? Um Ihre Buchung und Ihren Aufenthalt so reibungslos wie m\u00f6glich zu gestalten, ben\u00f6tigen wir einige Informationen von Ihnen im Voraus. Vor- und Nachname sowie Wohnanschrift: Es ist nat\u00fcrlich wichtig f\u00fcr uns zu wissen, wer Sie sind. Wir m\u00fcssen in [&hellip;]<\/p>\n","protected":false},"author":1,"featured_media":0,"parent":0,"menu_order":0,"comment_status":"closed","ping_status":"closed","template":"elementor_header_footer","meta":{"footnotes":""},"class_list":["post-3526","page","type-page","status-publish","hentry"],"blocksy_meta":[],"_links":{"self":[{"href":"https:\/\/www.hetkasteelke.com\/de\/wp-json\/wp\/v2\/pages\/3526","targetHints":{"allow":["GET"]}}],"collection":[{"href":"https:\/\/www.hetkasteelke.com\/de\/wp-json\/wp\/v2\/pages"}],"about":[{"href":"https:\/\/www.hetkasteelke.com\/de\/wp-json\/wp\/v2\/types\/page"}],"author":[{"embeddable":true,"href":"https:\/\/www.hetkasteelke.com\/de\/wp-json\/wp\/v2\/users\/1"}],"replies":[{"embeddable":true,"href":"https:\/\/www.hetkasteelke.com\/de\/wp-json\/wp\/v2\/comments?post=3526"}],"version-history":[{"count":1,"href":"https:\/\/www.hetkasteelke.com\/de\/wp-json\/wp\/v2\/pages\/3526\/revisions"}],"predecessor-version":[{"id":6344,"href":"https:\/\/www.hetkasteelke.com\/de\/wp-json\/wp\/v2\/pages\/3526\/revisions\/6344"}],"wp:attachment":[{"href":"https:\/\/www.hetkasteelke.com\/de\/wp-json\/wp\/v2\/media?parent=3526"}],"curies":[{"name":"wp","href":"https:\/\/api.w.org\/{rel}","templated":true}]}}