{"id":3551,"date":"2023-09-27T10:56:47","date_gmt":"2023-09-27T08:56:47","guid":{"rendered":"https:\/\/www.hetkasteelke.com\/hausordnung\/"},"modified":"2024-06-14T14:30:11","modified_gmt":"2024-06-14T12:30:11","slug":"hausordnung","status":"publish","type":"page","link":"https:\/\/www.hetkasteelke.com\/de\/hausordnung\/","title":{"rendered":"Hausordnung"},"content":{"rendered":"\t\t<div data-elementor-type=\"wp-page\" data-elementor-id=\"3551\" class=\"elementor elementor-3551 elementor-1684\">\n\t\t\t\t<div class=\"elementor-element elementor-element-42205b4 e-con-full e-flex e-con e-parent\" data-id=\"42205b4\" data-element_type=\"container\" data-e-type=\"container\">\n\t\t\t\t<\/div>\n\t\t<div class=\"elementor-element elementor-element-2a034a1 e-con-full e-flex e-con e-parent\" data-id=\"2a034a1\" data-element_type=\"container\" data-e-type=\"container\">\n\t\t\t\t<div class=\"elementor-element elementor-element-7e646aa elementor-widget__width-inherit elementor-widget elementor-widget-text-editor\" data-id=\"7e646aa\" data-element_type=\"widget\" data-e-type=\"widget\" data-widget_type=\"text-editor.default\">\n\t\t\t\t<div class=\"elementor-widget-container\">\n\t\t\t\t\t\t\t\t\t<p><\/p>\n<h2>1. Genie\u00dfen Sie Ihren Aufenthalt<\/h2>\n<p><\/p>\n<p><span style=\"font-size: inherit; text-align: inherit; background-color: var(--palettecolor8); color: var(--theme-text-color); font-family: var(--fontFamily); font-style: var(--fontStyle, inherit); font-weight: var(--fontWeight); letter-spacing: var(--letterSpacing); text-transform: var(--textTransform);\">Wir legen gro\u00dfen Wert darauf, dass jeder, der bei uns wohnt, gute Erinnerungen beh\u00e4lt. Viel Spa\u00df! Wenn Sie w\u00e4hrend Ihres Aufenthalts etwas vermissen, von dem Sie glauben, dass wir Ihnen helfen k\u00f6nnen, rufen Sie uns bitte an oder schicken Sie uns eine Nachricht.<\/span><\/p>\n<h2>2. Du sollst nicht stehlen<\/h2>\n<p>Wir bem\u00fchen uns, alle unsere Unterk\u00fcnfte mit allem Notwendigen auszustatten, denn es ist \u00e4u\u00dferst \u00e4rgerlich, wenn etwas fehlt, was Ihren Aufenthalt weniger angenehm macht. Au\u00dferdem kostet es uns Geld und Zeit, dieses Zubeh\u00f6r zu kaufen. Die Ferienh\u00e4user werden IMMER vor dem Check-in und nach dem Check-out auf Zubeh\u00f6r\/Attribute \u00fcberpr\u00fcft. Wenn wir feststellen, dass Gegenst\u00e4nde entwendet wurden, werden sie in Rechnung gestellt.<\/p>\n<p><\/p>\n<p><\/p>\n<p><\/p>\n<h2>3. Du sollst nicht abrei\u00dfen<\/h2>\n<p>Wenn Sie zu Hause sind, gehen wir davon aus, dass auch Ihre Sofagarnitur und Ihre Vasen in einem St\u00fcck bleiben werden. Wir bitten Sie, dasselbe bei uns zu tun. Bei schwerwiegenden Sch\u00e4den werden wir uns mit Ihnen in Verbindung setzen und Ihnen m\u00f6glicherweise Kosten in Rechnung stellen. Nat\u00fcrlich kann einmal ein Glas zerbrechen, das kann jedem passieren. Wir erwarten, dass so etwas w\u00e4hrend der Mietzeit oder beim Check-out gemeldet wird. <\/p>\n<h2>4. Gruppenaufenthalte sind nicht erlaubt<\/h2>\n<p><\/p>\n<p>Unsere Ferienwohnungen sind f\u00fcr Alleinreisende, Paare und Familien geeignet. Das maximale Personenlimit f\u00fcr jedes Ferienhaus wird bei der Buchung angegeben. In unseren Ferienwohnungen sind keine rauschenden Feste (z.B. Junggesellenabschiede) erlaubt.<\/p>\n<p><\/p>\n<h2>5. Rauchen ist in Innenr\u00e4umen nicht erlaubt<\/h2>\n<p><\/p>\n<p>Aufgrund der Brandgefahr und Geruchsbel\u00e4stigung ist das Rauchen in den R\u00e4umen nicht gestattet. Das Rauchen im Innenhof ist erlaubt; auf Anfrage stellen wir Aschenbecher zur Verf\u00fcgung. Wir m\u00f6chten nicht, dass Aschereste und Zigarettenstummel auf dem Gel\u00e4nde oder auf der Stra\u00dfe liegen.<\/p>\n<p><\/p>\n<p><\/p>\n<h2>6. Schutz vor Brandgefahren<\/h2>\n<p><\/p>\n<p>Bitte blasen Sie Kerzen nach Gebrauch aus und stellen Sie das Gas nach dem Kochen ab!<\/p>\n<p><\/p>\n<p><\/p>\n<p><\/p>\n<h2>7. Haustiere sind nicht erlaubt<\/h2>\n<p><\/p>\n<p>Leider ist es nicht gestattet, Ihr Haustier mitzubringen.<\/p>\n<p><\/p>\t\t\t\t\t\t\t\t<\/div>\n\t\t\t\t<\/div>\n\t\t\t\t<\/div>\n\t\t\t\t<\/div>\n\t\t","protected":false},"excerpt":{"rendered":"<p>1. Genie\u00dfen Sie Ihren Aufenthalt Wir legen gro\u00dfen Wert darauf, dass jeder, der bei uns wohnt, gute Erinnerungen beh\u00e4lt. Viel Spa\u00df! Wenn Sie w\u00e4hrend Ihres Aufenthalts etwas vermissen, von dem Sie glauben, dass wir Ihnen helfen k\u00f6nnen, rufen Sie uns bitte an oder schicken Sie uns eine Nachricht. 2. Du sollst nicht stehlen Wir bem\u00fchen [&hellip;]<\/p>\n","protected":false},"author":1,"featured_media":0,"parent":0,"menu_order":0,"comment_status":"closed","ping_status":"closed","template":"elementor_header_footer","meta":{"footnotes":""},"class_list":["post-3551","page","type-page","status-publish","hentry"],"blocksy_meta":[],"_links":{"self":[{"href":"https:\/\/www.hetkasteelke.com\/de\/wp-json\/wp\/v2\/pages\/3551","targetHints":{"allow":["GET"]}}],"collection":[{"href":"https:\/\/www.hetkasteelke.com\/de\/wp-json\/wp\/v2\/pages"}],"about":[{"href":"https:\/\/www.hetkasteelke.com\/de\/wp-json\/wp\/v2\/types\/page"}],"author":[{"embeddable":true,"href":"https:\/\/www.hetkasteelke.com\/de\/wp-json\/wp\/v2\/users\/1"}],"replies":[{"embeddable":true,"href":"https:\/\/www.hetkasteelke.com\/de\/wp-json\/wp\/v2\/comments?post=3551"}],"version-history":[{"count":0,"href":"https:\/\/www.hetkasteelke.com\/de\/wp-json\/wp\/v2\/pages\/3551\/revisions"}],"wp:attachment":[{"href":"https:\/\/www.hetkasteelke.com\/de\/wp-json\/wp\/v2\/media?parent=3551"}],"curies":[{"name":"wp","href":"https:\/\/api.w.org\/{rel}","templated":true}]}}