{"id":3398,"date":"2023-08-13T09:39:27","date_gmt":"2023-08-13T07:39:27","guid":{"rendered":"https:\/\/www.hetkasteelke.com\/a-propos-de-nous\/"},"modified":"2025-02-17T17:51:53","modified_gmt":"2025-02-17T16:51:53","slug":"aproposdenous","status":"publish","type":"page","link":"https:\/\/www.hetkasteelke.com\/fr\/aproposdenous\/","title":{"rendered":"\u00c0 propos de nous"},"content":{"rendered":"\t\t<div data-elementor-type=\"wp-page\" data-elementor-id=\"3398\" class=\"elementor elementor-3398 elementor-65\">\n\t\t\t\t<div class=\"elementor-element elementor-element-5040c25 e-flex e-con-boxed e-con e-parent\" data-id=\"5040c25\" data-element_type=\"container\" data-e-type=\"container\">\n\t\t\t\t\t<div class=\"e-con-inner\">\n\t\t\t\t<div class=\"elementor-element elementor-element-087d4ac elementor-widget elementor-widget-spacer\" data-id=\"087d4ac\" data-element_type=\"widget\" data-e-type=\"widget\" data-widget_type=\"spacer.default\">\n\t\t\t\t<div class=\"elementor-widget-container\">\n\t\t\t\t\t\t\t<div class=\"elementor-spacer\">\n\t\t\t<div class=\"elementor-spacer-inner\"><\/div>\n\t\t<\/div>\n\t\t\t\t\t\t<\/div>\n\t\t\t\t<\/div>\n\t\t\t\t\t<\/div>\n\t\t\t\t<\/div>\n\t\t<div class=\"elementor-element elementor-element-ad62c16 e-con-full e-flex e-con e-parent\" data-id=\"ad62c16\" data-element_type=\"container\" data-e-type=\"container\">\n\t\t<div class=\"elementor-element elementor-element-0282406 e-con-full e-flex e-con e-child\" data-id=\"0282406\" data-element_type=\"container\" data-e-type=\"container\">\n\t\t\t\t<div class=\"elementor-element elementor-element-34a9a73 elementor-widget elementor-widget-heading\" data-id=\"34a9a73\" data-element_type=\"widget\" data-e-type=\"widget\" data-widget_type=\"heading.default\">\n\t\t\t\t<div class=\"elementor-widget-container\">\n\t\t\t\t\t<h1 class=\"elementor-heading-title elementor-size-default\">Se pr\u00e9senter<\/h1>\t\t\t\t<\/div>\n\t\t\t\t<\/div>\n\t\t\t\t<div class=\"elementor-element elementor-element-9f1ef55 elementor-widget elementor-widget-text-editor\" data-id=\"9f1ef55\" data-element_type=\"widget\" data-e-type=\"widget\" data-widget_type=\"text-editor.default\">\n\t\t\t\t<div class=\"elementor-widget-container\">\n\t\t\t\t\t\t\t\t\t<p class=\"widget-title\">\u2019<span style=\"font-size: inherit; text-align: inherit; background-color: var(--palettecolor8); color: var(--theme-text-color); font-family: var(--fontFamily); font-style: var(--fontStyle, inherit); font-weight: var(--fontWeight); letter-spacing: var(--letterSpacing); text-transform: var(--textTransform);\">t Kasteelke appartient \u00e0 la famille Van Susante. Le Gatehouse est actuellement occup\u00e9 par une petite famille compos\u00e9e de Philip, Lynette et de notre chien Storm.  <\/span><span style=\"background-color: var(--palettecolor8); color: var(--theme-text-color); font-family: var(--fontFamily); font-size: inherit; font-style: var(--fontStyle, inherit); font-weight: var(--fontWeight); letter-spacing: var(--letterSpacing); text-align: inherit; text-transform: var(--textTransform);\">Nous (Philip, Lynette et Storm), ainsi que d'autres membres de la famille Van Susante, sommes actuellement responsables de la gestion de \u2019t Kasteelke. <\/span><span style=\"background-color: var(--palettecolor8); color: var(--theme-text-color); font-family: var(--fontFamily); font-size: inherit; font-style: var(--fontStyle, inherit); font-weight: var(--fontWeight); letter-spacing: var(--letterSpacing); text-align: inherit; text-transform: var(--textTransform);\">Nous r\u00e9pondons volontiers \u00e0 toutes vos questions. Vous pouvez le faire en ligne ou venir nous voir sur le terrain de \u2019t Kasteelke.<\/span><\/p>\n\t\t\t\t\t\t\t\t<\/div>\n\t\t\t\t<\/div>\n\t\t\t\t<\/div>\n\t\t\t\t<\/div>\n\t\t<div class=\"elementor-element elementor-element-1fb17c2 e-flex e-con-boxed e-con e-parent\" data-id=\"1fb17c2\" data-element_type=\"container\" data-e-type=\"container\">\n\t\t\t\t\t<div class=\"e-con-inner\">\n\t\t\t\t<div class=\"elementor-element elementor-element-969fb0b elementor-widget elementor-widget-spacer\" data-id=\"969fb0b\" data-element_type=\"widget\" data-e-type=\"widget\" data-widget_type=\"spacer.default\">\n\t\t\t\t<div class=\"elementor-widget-container\">\n\t\t\t\t\t\t\t<div class=\"elementor-spacer\">\n\t\t\t<div class=\"elementor-spacer-inner\"><\/div>\n\t\t<\/div>\n\t\t\t\t\t\t<\/div>\n\t\t\t\t<\/div>\n\t\t\t\t\t<\/div>\n\t\t\t\t<\/div>\n\t\t\t\t<\/div>\n\t\t","protected":false},"excerpt":{"rendered":"<p>Se pr\u00e9senter \u2019t Kasteelke appartient \u00e0 la famille Van Susante. Le Gatehouse est actuellement occup\u00e9 par une petite famille compos\u00e9e de Philip, Lynette et de notre chien Storm. Nous (Philip, Lynette et Storm), ainsi que d'autres membres de la famille Van Susante, sommes actuellement responsables de la gestion de \u2019t Kasteelke. Nous r\u00e9pondons volontiers \u00e0 [&hellip;]<\/p>\n","protected":false},"author":1,"featured_media":3382,"parent":0,"menu_order":0,"comment_status":"closed","ping_status":"closed","template":"","meta":{"footnotes":""},"class_list":["post-3398","page","type-page","status-publish","has-post-thumbnail","hentry"],"blocksy_meta":[],"_links":{"self":[{"href":"https:\/\/www.hetkasteelke.com\/fr\/wp-json\/wp\/v2\/pages\/3398","targetHints":{"allow":["GET"]}}],"collection":[{"href":"https:\/\/www.hetkasteelke.com\/fr\/wp-json\/wp\/v2\/pages"}],"about":[{"href":"https:\/\/www.hetkasteelke.com\/fr\/wp-json\/wp\/v2\/types\/page"}],"author":[{"embeddable":true,"href":"https:\/\/www.hetkasteelke.com\/fr\/wp-json\/wp\/v2\/users\/1"}],"replies":[{"embeddable":true,"href":"https:\/\/www.hetkasteelke.com\/fr\/wp-json\/wp\/v2\/comments?post=3398"}],"version-history":[{"count":2,"href":"https:\/\/www.hetkasteelke.com\/fr\/wp-json\/wp\/v2\/pages\/3398\/revisions"}],"predecessor-version":[{"id":5915,"href":"https:\/\/www.hetkasteelke.com\/fr\/wp-json\/wp\/v2\/pages\/3398\/revisions\/5915"}],"wp:featuredmedia":[{"embeddable":true,"href":"https:\/\/www.hetkasteelke.com\/fr\/wp-json\/wp\/v2\/media\/3382"}],"wp:attachment":[{"href":"https:\/\/www.hetkasteelke.com\/fr\/wp-json\/wp\/v2\/media?parent=3398"}],"curies":[{"name":"wp","href":"https:\/\/api.w.org\/{rel}","templated":true}]}}