{"id":3542,"date":"2023-09-26T19:18:57","date_gmt":"2023-09-26T17:18:57","guid":{"rendered":"https:\/\/www.hetkasteelke.com\/politique-en-matiere-de-confidentialite-et-de-cookies\/"},"modified":"2024-06-14T14:04:52","modified_gmt":"2024-06-14T12:04:52","slug":"politique-en-matiere-de-confidentialite-et-de-cookies","status":"publish","type":"page","link":"https:\/\/www.hetkasteelke.com\/fr\/politique-en-matiere-de-confidentialite-et-de-cookies\/","title":{"rendered":"Politique en mati\u00e8re de confidentialit\u00e9 et de cookies"},"content":{"rendered":"\t\t<div data-elementor-type=\"wp-page\" data-elementor-id=\"3542\" class=\"elementor elementor-3542 elementor-1571\">\n\t\t\t\t<div class=\"elementor-element elementor-element-2a50785 e-con-full e-flex e-con e-parent\" data-id=\"2a50785\" data-element_type=\"container\" data-e-type=\"container\">\n\t\t\t\t<\/div>\n\t\t<div class=\"elementor-element elementor-element-1fb1643e e-con-full e-flex e-con e-parent\" data-id=\"1fb1643e\" data-element_type=\"container\" data-e-type=\"container\">\n\t\t\t\t<div class=\"elementor-element elementor-element-346d86e2 elementor-widget__width-inherit elementor-widget elementor-widget-text-editor\" data-id=\"346d86e2\" data-element_type=\"widget\" data-e-type=\"widget\" data-widget_type=\"text-editor.default\">\n\t\t\t\t<div class=\"elementor-widget-container\">\n\t\t\t\t\t\t\t\t\t<p><\/p>\n<h2>Qui sommes-nous ?<\/h2>\n<p><\/p>\n<p>Les adresses de nos sites sont : <span style=\"text-align: var(--text-align); background-color: var(--palettecolor8); color: var(--theme-text-color); font-family: var(--fontFamily); font-size: var(--fontSize); font-style: var(--fontStyle, inherit); font-weight: var(--fontWeight); letter-spacing: var(--letterSpacing); text-transform: var(--textTransform);\">https:\/\/www.hetkasteelke.com<\/span> et <span style=\"font-size: inherit; text-align: inherit; background-color: var(--palettecolor8); color: var(--theme-text-color); font-family: var(--fontFamily); font-style: var(--fontStyle, inherit); font-weight: var(--fontWeight); letter-spacing: var(--letterSpacing); text-transform: var(--textTransform);\">https:\/\/www.hetkasteelke.nl<\/span>.<\/p>\n<h2>Que voudrions-nous savoir de vous ?<\/h2>\n<p>Pour que votre r\u00e9servation et votre s\u00e9jour se passent le mieux possible, nous avons besoin de quelques informations \u00e0 l'avance.<\/p>\n<ul>\n<li>Nom<u>, pr\u00e9nom et adresse de r\u00e9sidence :<\/u> il est \u00e9videmment important que nous sachions qui vous \u00eates. Nous devons pouvoir vous identifier.<\/li>\n<li><u>Num\u00e9ro de t\u00e9l\u00e9phone :<\/u> il est parfois n\u00e9cessaire de vous contacter rapidement, par exemple si une chambre s'est finalement lib\u00e9r\u00e9e ou si vous avez oubli\u00e9 un objet personnel lors de votre d\u00e9part.<\/li>\n<li><u>Adresse e-mail :<\/u> vous recevrez un e-mail confirmant la r\u00e9servation et nous vous enverrons la facture de l'h\u00e9bergement par la poste. Ensuite, nous aimons savoir ce que vous en avez pens\u00e9, c'est ainsi que nous apprenons.<\/li>\n<li><u>Modalit\u00e9s de paiement :<\/u> Pour garantir votre r\u00e9servation et, selon le type de r\u00e9servation, \u00e9ventuellement pour payer, nous utilisons un environnement s\u00e9curis\u00e9. Cela permet de s\u00e9curiser votre carte de cr\u00e9dit ou d'autres donn\u00e9es de paiement.<\/li>\n<\/ul>\n<p><\/p>\n<p><\/p>\n<p><\/p>\n<h2>Google Analytics<\/h2>\n<p>Ce site utilise Google Analytics, un service d'analyse de site internet fourni par Google Inc. (\u2019\u2019Google\u2019\u2019). Google Analytics utilise des \u2019\u2019cookies\u2019\u2019 (fichiers texte plac\u00e9s sur votre ordinateur), ce qui nous permet d'analyser l'utilisation du site par les internautes. Les informations g\u00e9n\u00e9r\u00e9es par le cookie concernant votre utilisation du site Internet sont transf\u00e9r\u00e9es et stock\u00e9es par Google sur des serveurs situ\u00e9s aux \u00c9tats-Unis. Google utilise ces informations pour savoir comment vous utilisez le site, pour compiler des rapports sur l'activit\u00e9 du site \u00e0 l'intention de ses exploitants et pour fournir d'autres services li\u00e9s \u00e0 l'activit\u00e9 du site et \u00e0 l'utilisation d'Internet. Google peut fournir ces informations \u00e0 des tiers si Google est l\u00e9galement tenu de le faire, ou dans la mesure o\u00f9 ces tiers traitent les informations pour le compte de Google. Google ne combinera pas votre adresse IP avec d'autres donn\u00e9es en sa possession. Vous pouvez refuser l'utilisation de cookies en s\u00e9lectionnant les param\u00e8tres appropri\u00e9s dans votre navigateur. Dans ce cas, il se peut qu'il ne soit pas possible d'utiliser toutes les options de ce site web. En utilisant ce site Web, vous consentez au traitement des informations par Google de la mani\u00e8re et aux fins d\u00e9crites ci-dessus.<\/p>\n<h2>Cookies<\/h2>\n<p><\/p>\n<p>Nous collectons des donn\u00e9es \u00e0 des fins de recherche afin de mieux comprendre nos clients et d'adapter nos services en cons\u00e9quence. Ce site web utilise des \u2019\u2019cookies\u2019\u2019. Nous utilisons ces informations pour savoir comment vous utilisez le site web, pour compiler des rapports sur l'activit\u00e9 du site web et pour offrir d'autres services li\u00e9s \u00e0 l'activit\u00e9 du site web et \u00e0 l'utilisation de l'internet.<\/p>\n<p><\/p>\n<h2>Contenu int\u00e9gr\u00e9 d'autres sites<\/h2>\n<p><\/p>\n<p>Les articles publi\u00e9s sur ce site peuvent contenir du contenu int\u00e9gr\u00e9 (par exemple des vid\u00e9os, des images, des messages, etc.). Le contenu incorpor\u00e9 provenant d'autres sites se comporte exactement comme si le visiteur avait visit\u00e9 cet autre site.<\/p>\n<p><\/p>\n<p>Ces sites peuvent collecter des donn\u00e9es vous concernant,<span style=\"background-color: var(--palettecolor8); color: var(--theme-text-color); font-family: var(--fontFamily); font-size: inherit; font-style: var(--fontStyle, inherit); font-weight: var(--fontWeight); letter-spacing: var(--letterSpacing); text-align: inherit; text-transform: var(--textTransform);\"> utiliser des<\/span> <span style=\"text-align: var(--text-align); background-color: var(--palettecolor8); color: var(--theme-text-color); font-family: var(--fontFamily); font-size: var(--fontSize); font-style: var(--fontStyle, inherit); font-weight: var(--fontWeight); letter-spacing: var(--letterSpacing); text-transform: var(--textTransform);\">\u2019\u2019<\/span><span style=\"font-size: inherit; text-align: inherit; background-color: var(--palettecolor8); color: var(--theme-text-color); font-family: var(--fontFamily); font-style: var(--fontStyle, inherit); font-weight: var(--fontWeight); letter-spacing: var(--letterSpacing); text-transform: var(--textTransform);\">cookies<\/span><span style=\"text-align: var(--text-align); background-color: var(--palettecolor8); color: var(--theme-text-color); font-family: var(--fontFamily); font-size: var(--fontSize); font-style: var(--fontStyle, inherit); font-weight: var(--fontWeight); letter-spacing: var(--letterSpacing); text-transform: var(--textTransform);\">\u2019\u2019<\/span>, int\u00e9grer un suivi suppl\u00e9mentaire par des tiers et contr\u00f4ler votre interaction avec ce contenu int\u00e9gr\u00e9, notamment en enregistrant votre interaction avec le contenu int\u00e9gr\u00e9 si vous disposez d'un compte et \u00eates connect\u00e9 \u00e0 ce site.<\/p>\n<p><\/p>\n<p><\/p>\n<h2>Dur\u00e9e de conservation des donn\u00e9es<\/h2>\n<p><\/p>\n<p>Vous souhaitez modifier ou supprimer vos coordonn\u00e9es de notre syst\u00e8me ? Il n'y a pas de probl\u00e8me. Faites-le nous savoir par e-mail. Nous faisons en sorte que cela fonctionne dans le cadre juridique. En outre, nous supprimons automatiquement les donn\u00e9es personnelles 7 ans apr\u00e8s leur derni\u00e8re utilisation.<\/p>\n<p><\/p>\n<p><\/p>\n<p><\/p>\n<h2>O\u00f9 vos donn\u00e9es seront-elles envoy\u00e9es ?<\/h2>\n<p><\/p>\n<p>Les r\u00e9ponses des visiteurs peuvent \u00eatre contr\u00f4l\u00e9es par un service automatis\u00e9 de d\u00e9tection des spams.<\/p>\n<p><\/p>\t\t\t\t\t\t\t\t<\/div>\n\t\t\t\t<\/div>\n\t\t\t\t<\/div>\n\t\t\t\t<\/div>\n\t\t","protected":false},"excerpt":{"rendered":"<p>Qui sommes-nous ? Les adresses de nos sites sont : https:\/\/www.hetkasteelke.com et https:\/\/www.hetkasteelke.nl. Que voudrions-nous savoir de vous ? Pour que votre r\u00e9servation et votre s\u00e9jour se passent le mieux possible, nous avons besoin de quelques informations \u00e0 l'avance. Nom, pr\u00e9nom et adresse de r\u00e9sidence : il est \u00e9videmment important que nous sachions qui vous [&hellip;]<\/p>\n","protected":false},"author":1,"featured_media":0,"parent":0,"menu_order":0,"comment_status":"closed","ping_status":"closed","template":"elementor_header_footer","meta":{"footnotes":""},"class_list":["post-3542","page","type-page","status-publish","hentry"],"blocksy_meta":[],"_links":{"self":[{"href":"https:\/\/www.hetkasteelke.com\/fr\/wp-json\/wp\/v2\/pages\/3542","targetHints":{"allow":["GET"]}}],"collection":[{"href":"https:\/\/www.hetkasteelke.com\/fr\/wp-json\/wp\/v2\/pages"}],"about":[{"href":"https:\/\/www.hetkasteelke.com\/fr\/wp-json\/wp\/v2\/types\/page"}],"author":[{"embeddable":true,"href":"https:\/\/www.hetkasteelke.com\/fr\/wp-json\/wp\/v2\/users\/1"}],"replies":[{"embeddable":true,"href":"https:\/\/www.hetkasteelke.com\/fr\/wp-json\/wp\/v2\/comments?post=3542"}],"version-history":[{"count":0,"href":"https:\/\/www.hetkasteelke.com\/fr\/wp-json\/wp\/v2\/pages\/3542\/revisions"}],"wp:attachment":[{"href":"https:\/\/www.hetkasteelke.com\/fr\/wp-json\/wp\/v2\/media?parent=3542"}],"curies":[{"name":"wp","href":"https:\/\/api.w.org\/{rel}","templated":true}]}}