{"id":3589,"date":"2023-09-27T10:56:47","date_gmt":"2023-09-27T08:56:47","guid":{"rendered":"https:\/\/www.hetkasteelke.com\/reglement-interieur\/"},"modified":"2024-06-07T21:52:17","modified_gmt":"2024-06-07T19:52:17","slug":"reglement-interieur","status":"publish","type":"page","link":"https:\/\/www.hetkasteelke.com\/fr\/reglement-interieur\/","title":{"rendered":"R\u00e8glement int\u00e9rieur"},"content":{"rendered":"\t\t<div data-elementor-type=\"wp-page\" data-elementor-id=\"3589\" class=\"elementor elementor-3589 elementor-1684\">\n\t\t\t\t<div class=\"elementor-element elementor-element-42205b4 e-con-full e-flex e-con e-parent\" data-id=\"42205b4\" data-element_type=\"container\" data-e-type=\"container\">\n\t\t\t\t<\/div>\n\t\t<div class=\"elementor-element elementor-element-2a034a1 e-con-full e-flex e-con e-parent\" data-id=\"2a034a1\" data-element_type=\"container\" data-e-type=\"container\">\n\t\t\t\t<div class=\"elementor-element elementor-element-7e646aa elementor-widget__width-inherit elementor-widget elementor-widget-text-editor\" data-id=\"7e646aa\" data-element_type=\"widget\" data-e-type=\"widget\" data-widget_type=\"text-editor.default\">\n\t\t\t\t<div class=\"elementor-widget-container\">\n\t\t\t\t\t\t\t\t\t<p><\/p>\n<h2>1. Profitez de votre s\u00e9jour<\/h2>\n<p><\/p>\n<p><span style=\"font-size: inherit; text-align: inherit; background-color: var(--palettecolor8); color: var(--theme-text-color); font-family: var(--fontFamily); font-style: var(--fontStyle, inherit); font-weight: var(--fontWeight); letter-spacing: var(--letterSpacing); text-transform: var(--textTransform);\">Il est extr\u00eamement important pour nous que tous ceux qui s\u00e9journent chez nous en gardent de bons souvenirs. Profitez-en! Si vous avez besoin d\u2019aide pendant votre s\u00e9jour et que vous pensez que nous pourrions vous aider, n\u2019h\u00e9sitez pas \u00e0 nous appeler ou \u00e0 nous envoyer un message.<\/span><\/p>\n<h2>2. Tu ne voleras pas<\/h2>\n<p>Nous nous effor\u00e7ons de fournir \u00e0 toutes nos locations tout le n\u00e9cessaire pour rendre votre s\u00e9jour aussi agr\u00e9able que possible, car il est extr\u00eamement ennuyeux de constater des manques qui pourraient alt\u00e9rer votre exp\u00e9rience. L'achat de ces accessoires nous demande \u00e9galement de l'argent et du temps. Les maisons de vacances sont TOUJOURS contr\u00f4l\u00e9es pour les accessoires\/attributs avant l'enregistrement et apr\u00e8s le d\u00e9part. Si nous constatons que des objets ont \u00e9t\u00e9 vol\u00e9s, ils seront factur\u00e9s.<\/p>\n<p><\/p>\n<p><\/p>\n<p><\/p>\n<h2>3. Tu ne d\u00e9moliras pas<\/h2>\n<p>Si vous \u00eates chez vous, nous supposons que votre canap\u00e9 et vos vases resteront \u00e9galement en un seul morceau. Nous vous demandons de faire de m\u00eame avec nous. En cas de dommages graves, nous vous contacterons et pourrions vous facturer les r\u00e9parations. Bien s\u00fbr, un verre peut se briser une fois, cela arrive \u00e0 tout le monde. Nous nous attendons \u00e0 ce que ce type de probl\u00e8me soit signal\u00e9 pendant la p\u00e9riode de location ou au moment du d\u00e9part. <\/p>\n<h2>4. Les s\u00e9jours en groupe ne sont pas autoris\u00e9s<\/h2>\n<p><\/p>\n<p>Nos maisons de vacances sont destin\u00e9es aux voyageurs solitaires, aux couples et aux familles. Elles peuvent \u00eatre lou\u00e9es pour le nombre maximum de personnes. Les f\u00eates somptueuses (comme les enterrements de vie de gar\u00e7on) ne sont pas autoris\u00e9es dans nos maisons de vacances.<\/p>\n<p><\/p>\n<h2>5. Il est interdit de fumer \u00e0 l'int\u00e9rieur<\/h2>\n<p><\/p>\n<p>Il est interdit de fumer \u00e0 l'int\u00e9rieur, en raison des risques d'incendie et des odeurs d\u00e9sagr\u00e9ables. Il est permis de fumer \u00e0 l'ext\u00e9rieur, dans la cour ; des cendriers sont mis \u00e0 disposition \u00e0 cet effet sur demande. Nous n'aimons pas voir des r\u00e9sidus de cendres et des m\u00e9gots de cigarettes sur le terrain ou dans la rue.<\/p>\n<p><\/p>\n<p><\/p>\n<h2>6. Se pr\u00e9munir contre les risques d'incendie<\/h2>\n<p><\/p>\n<p>Veuillez \u00e9teindre les bougies apr\u00e8s utilisation et couper le gaz apr\u00e8s avoir cuisin\u00e9!<\/p>\n<p><\/p>\n<p><\/p>\n<p><\/p>\n<h2>7. Les animaux domestiques ne sont pas autoris\u00e9s<\/h2>\n<p><\/p>\n<p>Malheureusement, vous n'\u00eates pas autoris\u00e9 \u00e0 amener votre animal de compagnie.<\/p>\n<p><\/p>\t\t\t\t\t\t\t\t<\/div>\n\t\t\t\t<\/div>\n\t\t\t\t<\/div>\n\t\t\t\t<\/div>\n\t\t","protected":false},"excerpt":{"rendered":"<p>1. Profitez de votre s\u00e9jour Il est extr\u00eamement important pour nous que tous ceux qui s\u00e9journent chez nous en gardent de bons souvenirs. Profitez-en! Si vous avez besoin d\u2019aide pendant votre s\u00e9jour et que vous pensez que nous pourrions vous aider, n\u2019h\u00e9sitez pas \u00e0 nous appeler ou \u00e0 nous envoyer un message. 2. Tu ne [&hellip;]<\/p>\n","protected":false},"author":1,"featured_media":0,"parent":0,"menu_order":0,"comment_status":"closed","ping_status":"closed","template":"elementor_header_footer","meta":{"footnotes":""},"class_list":["post-3589","page","type-page","status-publish","hentry"],"blocksy_meta":[],"_links":{"self":[{"href":"https:\/\/www.hetkasteelke.com\/fr\/wp-json\/wp\/v2\/pages\/3589","targetHints":{"allow":["GET"]}}],"collection":[{"href":"https:\/\/www.hetkasteelke.com\/fr\/wp-json\/wp\/v2\/pages"}],"about":[{"href":"https:\/\/www.hetkasteelke.com\/fr\/wp-json\/wp\/v2\/types\/page"}],"author":[{"embeddable":true,"href":"https:\/\/www.hetkasteelke.com\/fr\/wp-json\/wp\/v2\/users\/1"}],"replies":[{"embeddable":true,"href":"https:\/\/www.hetkasteelke.com\/fr\/wp-json\/wp\/v2\/comments?post=3589"}],"version-history":[{"count":0,"href":"https:\/\/www.hetkasteelke.com\/fr\/wp-json\/wp\/v2\/pages\/3589\/revisions"}],"wp:attachment":[{"href":"https:\/\/www.hetkasteelke.com\/fr\/wp-json\/wp\/v2\/media?parent=3589"}],"curies":[{"name":"wp","href":"https:\/\/api.w.org\/{rel}","templated":true}]}}