{"id":5889,"date":"2024-12-25T12:05:55","date_gmt":"2024-12-25T11:05:55","guid":{"rendered":"https:\/\/www.hetkasteelke.com\/conditions-generales-dutilisation\/"},"modified":"2025-04-12T10:46:41","modified_gmt":"2025-04-12T08:46:41","slug":"conditions-generales-dutilisation","status":"publish","type":"page","link":"https:\/\/www.hetkasteelke.com\/fr\/conditions-generales-dutilisation\/","title":{"rendered":"Conditions g\u00e9n\u00e9rales d'utilisation"},"content":{"rendered":"\t\t<div data-elementor-type=\"wp-page\" data-elementor-id=\"5889\" class=\"elementor elementor-5889 elementor-5874\">\n\t\t\t\t<div class=\"elementor-element elementor-element-a0b3ae1 e-con-full e-flex e-con e-parent\" data-id=\"a0b3ae1\" data-element_type=\"container\" data-e-type=\"container\">\n\t\t\t\t<\/div>\n\t\t<div class=\"elementor-element elementor-element-b4c6c95 e-flex e-con-boxed e-con e-parent\" data-id=\"b4c6c95\" data-element_type=\"container\" data-e-type=\"container\">\n\t\t\t\t\t<div class=\"e-con-inner\">\n\t\t\t\t<div class=\"elementor-element elementor-element-825cf5d elementor-widget elementor-widget-spacer\" data-id=\"825cf5d\" data-element_type=\"widget\" data-e-type=\"widget\" data-widget_type=\"spacer.default\">\n\t\t\t\t<div class=\"elementor-widget-container\">\n\t\t\t\t\t\t\t<div class=\"elementor-spacer\">\n\t\t\t<div class=\"elementor-spacer-inner\"><\/div>\n\t\t<\/div>\n\t\t\t\t\t\t<\/div>\n\t\t\t\t<\/div>\n\t\t\t\t<div class=\"elementor-element elementor-element-1e00ef9 elementor-widget elementor-widget-text-editor\" data-id=\"1e00ef9\" data-element_type=\"widget\" data-e-type=\"widget\" data-widget_type=\"text-editor.default\">\n\t\t\t\t<div class=\"elementor-widget-container\">\n\t\t\t\t\t\t\t\t\t<h3><strong>Conditions de location \"Het Kasteelke Vakanties\"<\/strong><\/h3>\n<h4><strong>1. Application<\/strong><\/h4>\n<ol type=\"a\">\n<li>Les pr\u00e9sentes conditions g\u00e9n\u00e9rales de location s'appliquent aux r\u00e9servations et contrats relatifs \u00e0 la maison de vacances \u201cDe Hoeve\u201d, situ\u00e9e \u00e0 Moleneind 6, 5864AA \u00e0 Meerlo (Pays-Bas).<\/li>\n<li>Dans ces conditions g\u00e9n\u00e9rales de location, le terme \u201clocataire\u201d d\u00e9signe la (personne morale ou physique) qui conclut un contrat de location avec nous concernant la maison de vacances. Si le locataire est une personne morale, ces conditions s'appliquent automatiquement aux personnes physiques s\u00e9journant dans la maison.<\/li>\n<li>Ces conditions s'appliquent ind\u00e9pendamment de toute r\u00e9f\u00e9rence de votre part \u00e0 d'autres conditions g\u00e9n\u00e9rales. Toutes conditions g\u00e9n\u00e9rales que vous mentionnez ou utilisez sont express\u00e9ment rejet\u00e9es.<\/li>\n<li>Les d\u00e9rogations aux pr\u00e9sentes conditions ne sont valables que si elles sont convenues par \u00e9crit.<\/li>\n<\/ol>\n<h4><strong>2. Informations sur le bailleur<\/strong><\/h4>\n<p>Le bailleur de la maison de vacances est \"Het Kasteelke Vakanties\", inscrit \u00e0 la Chambre de commerce sous le num\u00e9ro 14130051. Pour toute question ou r\u00e9servation, veuillez nous contacter via le site : <a href=\"http:\/\/www.hetkasteelke.com\">www.hetkasteelke.com<\/a><\/p>\n<h4><strong style=\"color: var(--theme-heading-color, var(--theme-heading-4-color, var(--theme-headings-color))); font-family: var(--theme-font-family); font-size: var(--theme-font-size); font-style: var(--theme-font-style, inherit); font-variant-ligatures: inherit; font-variant-caps: inherit; letter-spacing: var(--theme-letter-spacing); text-decoration-line: ; text-transform: var(--theme-text-transform); text-align: var(--text-align); background-color: var(--theme-palette-color-8);\">3. R\u00e9servations<\/strong><br><\/h4>\n<ol type=\"a\">\n<li>Le bailleur accepte uniquement les r\u00e9servations de personnes \u00e2g\u00e9es de 18 ans ou plus. Toute r\u00e9servation faite par une personne mineure est invalide. Nous nous r\u00e9servons le droit de refuser une r\u00e9servation \u00e0 tout moment, sans justification.<\/li>\n<li>Les pr\u00e9sentes conditions vous ont \u00e9t\u00e9 communiqu\u00e9es avant la finalisation de la r\u00e9servation. En r\u00e9servant, vous acceptez ces conditions.<\/li>\n<li>Le bailleur vous demande de v\u00e9rifier l'exactitude de tous les documents envoy\u00e9s et de signaler imm\u00e9diatement toute erreur.<\/li>\n<li>Un contrat est conclu entre vous et nous d\u00e8s que nous confirmons votre r\u00e9servation. Ce contrat concerne la location de la maison de vacances \u00e0 des fins de loisir de courte dur\u00e9e, conform\u00e9ment \u00e0 l'article 7:232 paragraphe 2 du Code civil n\u00e9erlandais.<\/li>\n<\/ol>\n<h4><strong>4. R\u00e9servations et paiements<\/strong><\/h4>\n<ol type=\"a\">\n<li>La dur\u00e9e minimale de s\u00e9jour est de 2 nuits, la dur\u00e9e maximale est d\u20191 mois.<\/li>\n<li>Le montant total du s\u00e9jour doit \u00eatre pay\u00e9 au moment de la r\u00e9servation.<\/li>\n<li>Les paiements peuvent \u00eatre effectu\u00e9s via : iDeal, Paypal, carte de cr\u00e9dit ou Bancontact.<\/li>\n<li>Une r\u00e9servation doit \u00eatre effectu\u00e9e au moins 2 jours \u00e0 l'avance.<\/li>\n<\/ol>\n<h4><strong>5. Annulations et modifications de r\u00e9servation<\/strong><\/h4>\n<p>En cas d'annulation de la r\u00e9servation par le locataire, les conditions suivantes s'appliquent :<\/p>\n<ol type=\"a\">\n<li>Jusqu\u2019\u00e0 30 jours avant l\u2019arriv\u00e9e : remboursement \u00e0 100 %<\/li>\n<li>Jusqu\u2019\u00e0 5 jours avant l\u2019arriv\u00e9e : remboursement \u00e0 50 %<\/li>\n<li>Moins de 5 jours avant l\u2019arriv\u00e9e : aucun remboursement<\/li>\n<li>Les autres modifications ne sont possibles qu'avec l'accord \u00e9crit du bailleur. En principe, les modifications ne peuvent pas \u00eatre prises en compte dans la semaine pr\u00e9c\u00e9dant l\u2019arriv\u00e9e.<\/li>\n<li>En cas de force majeure obligeant le bailleur \u00e0 annuler la r\u00e9servation, aucun h\u00e9bergement alternatif ne sera propos\u00e9. Les sommes d\u00e9j\u00e0 vers\u00e9es seront alors rembours\u00e9es.<\/li>\n<li>Il y a force majeure lorsque l'ex\u00e9cution du contrat est partiellement ou totalement emp\u00each\u00e9e par des circonstances ind\u00e9pendantes de la volont\u00e9 du bailleur : guerre, gr\u00e8ves, blocages, incendie, inondations ou autres perturbations.<\/li>\n<\/ol>\n<h4><strong>6. S\u00e9jour, r\u00e8gles de la maison et m\u00e9nage<\/strong><\/h4>\n<ol type=\"a\">\n<li>Au moins un invit\u00e9 doit avoir 25 ans \u00e0 la date d\u2019arriv\u00e9e.<\/li>\n<li>Le locataire et les autres h\u00f4tes doivent se comporter de mani\u00e8re responsable dans et autour de la maison.<\/li>\n<li>Les objets retrouv\u00e9s apr\u00e8s votre d\u00e9part seront conserv\u00e9s pendant une dur\u00e9e raisonnable, sans responsabilit\u00e9 de notre part. L\u2019envoi se fera \u00e0 vos frais.<\/li>\n<li>En cas de mauvaise utilisation ou de n\u00e9gligence de la maison, des frais suppl\u00e9mentaires (notamment de nettoyage) peuvent \u00eatre factur\u00e9s :\n<ol>\n<li>Le locataire doit laisser la maison propre et rang\u00e9e (balay\u00e9e).<\/li>\n<\/ol>\n<\/li>\n<li>Un nettoyage excessif entra\u00eenera des frais suppl\u00e9mentaires.<\/li>\n<li>Des r\u00e8gles sp\u00e9cifiques sont communiqu\u00e9es dans un document s\u00e9par\u00e9. En plus, les r\u00e8gles suivantes s'appliquent :\n<ol>\n<li>Animaux : non autoris\u00e9s dans la maison.<\/li>\n<li>Tabac : interdit de fumer dans la maison (y compris cigarettes \u00e9lectroniques, vapes, etc.).<\/li>\n<li>Silence : \u00e0 partir de 22h00 pour garantir la tranquillit\u00e9 du voisinage.<\/li>\n<\/ol>\n<\/li>\n<\/ol>\n<h4><strong>7. Remise des cl\u00e9s<\/strong><\/h4>\n<ol type=\"a\">\n<li>Les cl\u00e9s peuvent \u00eatre r\u00e9cup\u00e9r\u00e9es aupr\u00e8s des gestionnaires de la maison de vacances, r\u00e9sidant \u00e0 Moleneind 4, 5864AA \u00e0 Meerlo (maison voisine).<\/li>\n<li>Le locataire n\u2019a pas le droit de faire une copie de la cl\u00e9, quelle qu\u2019en soit la raison.<\/li>\n<li>La cl\u00e9 est remise au locataire \u00e0 titre de pr\u00eat. En cas de perte ou de vol, une somme de 100 \u20ac sera factur\u00e9e.<\/li>\n<\/ol>\n<h4><strong>8. Responsabilit\u00e9<\/strong><\/h4>\n<ol type=\"a\">\n<li>Le bailleur n\u2019est pas responsable des dommages aux biens ou blessures subies par le locataire ou des tiers pendant le s\u00e9jour. Le locataire est responsable de sa propre s\u00e9curit\u00e9 et de celle de ses invit\u00e9s.<\/li>\n<li>Aucune caution n\u2019est exig\u00e9e. En cas de dommage caus\u00e9 par le locataire, une indemnisation devra \u00eatre convenue avec le bailleur.<\/li>\n<li>Nous d\u00e9clinons toute responsabilit\u00e9 en cas de vol, perte ou dommage de toute nature, pendant ou suite au s\u00e9jour.<\/li>\n<li>Nous ne sommes pas responsables des travaux de construction sur les routes principales ou autres dans les environs.<\/li>\n<li>Les frais d\u2019entretien courant sont \u00e0 la charge du bailleur. Tout d\u00e9faut doit \u00eatre signal\u00e9 imm\u00e9diatement par le locataire et les instructions du bailleur doivent \u00eatre suivies.<\/li>\n<li>Toute plainte doit \u00eatre soumise par \u00e9crit dans les 14 jours suivant le d\u00e9part. Nous pr\u00e9f\u00e9rons toutefois r\u00e9soudre toute r\u00e9clamation directement entre locataire et bailleur.<\/li>\n<\/ol>\n<h4><strong>9. Check-in et check-out<\/strong><\/h4>\n<ol type=\"a\">\n<li>Le check-in se fait \u00e0 partir de 15h00 le jour de l\u2019arriv\u00e9e. Le check-out doit \u00eatre effectu\u00e9 avant 11h00 le jour du d\u00e9part. Des horaires flexibles peuvent \u00eatre convenus moyennant un suppl\u00e9ment, selon disponibilit\u00e9.<\/li>\n<\/ol>\n<h4><strong>10. Utilisation de la maison<\/strong><\/h4>\n<ol type=\"a\">\n<li>Le logement est exclusivement r\u00e9serv\u00e9 aux personnes mentionn\u00e9es dans la r\u00e9servation. Le nombre maximum d'invit\u00e9s est de 5.<\/li>\n<li>En cas de dommage caus\u00e9 par le locataire, une indemnisation sera discut\u00e9e avec le bailleur. En cas de non-respect du r\u00e8glement, le bailleur se r\u00e9serve le droit d\u2019annuler la r\u00e9servation.<\/li>\n<\/ol>\n<h4><strong>11. Confidentialit\u00e9 et protection des donn\u00e9es<\/strong><\/h4>\n<ol type=\"a\">\n<li>Le bailleur collecte et traite les donn\u00e9es personnelles (adresse, coordonn\u00e9es, e-mail) conform\u00e9ment au RGPD. Ces donn\u00e9es sont utilis\u00e9es uniquement pour g\u00e9rer la r\u00e9servation et les services associ\u00e9s. Elles sont trait\u00e9es de mani\u00e8re s\u00e9curis\u00e9e et confidentielle.<\/li>\n<li>Pour le paiement des taxes locales, les donn\u00e9es du locataire et des accompagnants sont demand\u00e9es et trait\u00e9es conform\u00e9ment \u00e0 l\u2019article 8a.<\/li>\n<\/ol>\n<h4><strong>12. Droit applicable et litiges<\/strong><\/h4>\n<p>Les pr\u00e9sentes conditions sont soumises au droit n\u00e9erlandais. Tout litige sera d\u2019abord trait\u00e9 \u00e0 l\u2019amiable. Si aucun accord n\u2019est trouv\u00e9, le litige sera soumis au tribunal comp\u00e9tent du Limbourg (Pays-Bas).<\/p>\t\t\t\t\t\t\t\t<\/div>\n\t\t\t\t<\/div>\n\t\t\t\t\t<\/div>\n\t\t\t\t<\/div>\n\t\t<div class=\"elementor-element elementor-element-4d0fcc3 e-flex e-con-boxed e-con e-parent\" data-id=\"4d0fcc3\" data-element_type=\"container\" data-e-type=\"container\">\n\t\t\t\t\t<div class=\"e-con-inner\">\n\t\t\t\t<div class=\"elementor-element elementor-element-01628eb elementor-widget elementor-widget-spacer\" data-id=\"01628eb\" data-element_type=\"widget\" data-e-type=\"widget\" data-widget_type=\"spacer.default\">\n\t\t\t\t<div class=\"elementor-widget-container\">\n\t\t\t\t\t\t\t<div class=\"elementor-spacer\">\n\t\t\t<div class=\"elementor-spacer-inner\"><\/div>\n\t\t<\/div>\n\t\t\t\t\t\t<\/div>\n\t\t\t\t<\/div>\n\t\t\t\t\t<\/div>\n\t\t\t\t<\/div>\n\t\t\t\t<\/div>\n\t\t","protected":false},"excerpt":{"rendered":"<p>Conditions de location \"Het Kasteelke Vakanties\" 1. Application Les pr\u00e9sentes conditions g\u00e9n\u00e9rales de location s'appliquent aux r\u00e9servations et contrats relatifs \u00e0 la maison de vacances \u201cDe Hoeve\u201d, situ\u00e9e \u00e0 Moleneind 6, 5864AA \u00e0 Meerlo (Pays-Bas). Dans ces conditions g\u00e9n\u00e9rales de location, le terme \u201clocataire\u201d d\u00e9signe la (personne morale ou physique) qui conclut un contrat de [&hellip;]<\/p>\n","protected":false},"author":1,"featured_media":0,"parent":0,"menu_order":0,"comment_status":"closed","ping_status":"closed","template":"elementor_header_footer","meta":{"footnotes":""},"class_list":["post-5889","page","type-page","status-publish","hentry"],"blocksy_meta":[],"_links":{"self":[{"href":"https:\/\/www.hetkasteelke.com\/fr\/wp-json\/wp\/v2\/pages\/5889","targetHints":{"allow":["GET"]}}],"collection":[{"href":"https:\/\/www.hetkasteelke.com\/fr\/wp-json\/wp\/v2\/pages"}],"about":[{"href":"https:\/\/www.hetkasteelke.com\/fr\/wp-json\/wp\/v2\/types\/page"}],"author":[{"embeddable":true,"href":"https:\/\/www.hetkasteelke.com\/fr\/wp-json\/wp\/v2\/users\/1"}],"replies":[{"embeddable":true,"href":"https:\/\/www.hetkasteelke.com\/fr\/wp-json\/wp\/v2\/comments?post=5889"}],"version-history":[{"count":11,"href":"https:\/\/www.hetkasteelke.com\/fr\/wp-json\/wp\/v2\/pages\/5889\/revisions"}],"predecessor-version":[{"id":6409,"href":"https:\/\/www.hetkasteelke.com\/fr\/wp-json\/wp\/v2\/pages\/5889\/revisions\/6409"}],"wp:attachment":[{"href":"https:\/\/www.hetkasteelke.com\/fr\/wp-json\/wp\/v2\/media?parent=5889"}],"curies":[{"name":"wp","href":"https:\/\/api.w.org\/{rel}","templated":true}]}}